{"id":218,"date":"2020-02-25T16:00:19","date_gmt":"2020-02-25T15:00:19","guid":{"rendered":"http:\/\/www.haryprinz.com\/?page_id=218"},"modified":"2021-11-09T16:09:36","modified_gmt":"2021-11-09T15:09:36","slug":"impressum","status":"publish","type":"page","link":"http:\/\/www.haryprinz.com\/?page_id=218","title":{"rendered":"Impressum"},"content":{"rendered":"\t\t<div data-elementor-type=\"wp-page\" data-elementor-id=\"218\" class=\"elementor elementor-218\" data-elementor-post-type=\"page\">\n\t\t\t\t\t\t<section class=\"elementor-section elementor-top-section elementor-element elementor-element-3fe1282 elementor-section-boxed elementor-section-height-default elementor-section-height-default\" data-id=\"3fe1282\" data-element_type=\"section\">\n\t\t\t\t\t\t<div class=\"elementor-container elementor-column-gap-default\">\n\t\t\t\t\t<div class=\"elementor-column elementor-col-100 elementor-top-column elementor-element elementor-element-f62e330\" data-id=\"f62e330\" data-element_type=\"column\">\n\t\t\t<div class=\"elementor-widget-wrap elementor-element-populated\">\n\t\t\t\t\t\t<div class=\"elementor-element elementor-element-adcf371 elementor-widget elementor-widget-text-editor\" data-id=\"adcf371\" data-element_type=\"widget\" data-widget_type=\"text-editor.default\">\n\t\t\t\t<div class=\"elementor-widget-container\">\n\t\t\t\t\t\t\t<p>Impressum<\/p><p>Informationspflicht laut \u00a75 E-Commerce Gesetz, \u00a714 Unternehmensgesetzbuch, \u00a763 Gewerbeordnung und Offenlegungspflicht laut \u00a725 Mediengesetz.<\/p><p>Hary Prinz<\/p><p>c\/o Daniela Stibitz Management\u00a0<br \/>Himmelstra\u00dfe 11\/6\u00a0<br \/>1190 Wien\u00a0<br \/>\u00d6sterreich<\/p><p>Tel.: +4313286360<\/p><p>Fotografen:Adrian Mccourt, Petro Domenigg, Stephan Haring, Lars Laion, Marisa Vranjes,Nora Agapi, ORF, ARD, ZDFAllegro Film, Wega Film, Satelfilm, Graf Film, Rowboat Film, Lotus Film, Network Movie, MR-Film, Epo Film,<\/p><p><strong>Konzeption, Design und technische Umsetzung<\/strong><\/p><p>Raab&amp;Raab GesbR<br \/>Erdbergstra\u00dfe 69\/8<br \/>1030 Wien<\/p><p><strong>Offenlegung gem\u00e4\u00df Mediengesetz \u00a725<\/strong><\/p><p>Blattlinie: Informationen und Beitr\u00e4ge \u00fcber den Schauspieler Hary Prinz.<\/p><p><strong>Disclaimer &amp; Privacy Policy Google Analytics<\/strong><\/p><p>Diese Website benutzt Google Analytics, einen Webanalysedienst der Google Inc. (Google) Google Analytics verwendet sog. Cookies, Textdateien, die auf Ihrem Computer gespeichert werden und die eine Analyse der Benutzung der Website durch Sie erm\u00f6glicht. Die durch den Cookie erzeugten Informationen \u00fcber Ihre Benutzung dieser Website (einschlie\u00dflich Ihrer IP-Adresse) wird an einen Server von Google in den USA \u00fcbertragen und dort gespeichert. Google wird diese Informationen benutzen, um Ihre Nutzung der Website auszuwerten, um Reports \u00fcber die Websiteaktivit\u00e4ten f\u00fcr die Websitebetreiber zusammenzustellen und um weitere mit der Websitenutzung und der Internetnutzung verbundene Dienstleistungen zu erbringen. Auch wird Google diese Informationen gegebenenfalls an Dritte \u00fcbertragen, sofern dies gesetzlich vorgeschrieben oder soweit Dritte diese Daten im Auftrag von Google verarbeiten. Google wird in keinem Fall Ihre IP-Adresse mit anderen Daten der Google Inc. in Verbindung bringen. Sie k\u00f6nnen die Installation der Cookies durch eine entsprechende Einstellung Ihrer Browser Software verhindern; wir weisen Sie jedoch darauf hin, dass Sie in diesem Fall gegebenenfalls nicht s\u00e4mtliche Funktionen dieser Website voll umf\u00e4nglich nutzen k\u00f6nnen. Durch die Nutzung dieser Website erkl\u00e4ren Sie sich mit der Bearbeitung der \u00fcber Sie erhobenen Daten durch Google in der zuvor beschriebenen Art und Weise und zu dem zuvor benannten Zweck einverstanden.<\/p>\t\t\t\t\t\t<\/div>\n\t\t\t\t<\/div>\n\t\t\t\t\t<\/div>\n\t\t<\/div>\n\t\t\t\t\t<\/div>\n\t\t<\/section>\n\t\t\t\t<\/div>\n\t\t","protected":false},"excerpt":{"rendered":"<p>Impressum Informationspflicht laut \u00a75 E-Commerce Gesetz, \u00a714 Unternehmensgesetzbuch, \u00a763 Gewerbeordnung und Offenlegungspflicht laut \u00a725 Mediengesetz. Hary Prinz c\/o Daniela Stibitz Management\u00a0Himmelstra\u00dfe 11\/6\u00a01190 Wien\u00a0\u00d6sterreich Tel.: +4313286360 Fotografen:Adrian Mccourt, Petro Domenigg, Stephan Haring, Lars Laion, Marisa Vranjes,Nora Agapi, ORF, ARD, ZDFAllegro Film, Wega Film, Satelfilm, Graf Film, Rowboat Film, Lotus Film, Network Movie, MR-Film, Epo Film, Konzeption, [&hellip;]<\/p>\n","protected":false},"author":1,"featured_media":0,"parent":0,"menu_order":0,"comment_status":"closed","ping_status":"closed","template":"elementor_canvas","meta":{"footnotes":""},"_links":{"self":[{"href":"http:\/\/www.haryprinz.com\/index.php?rest_route=\/wp\/v2\/pages\/218"}],"collection":[{"href":"http:\/\/www.haryprinz.com\/index.php?rest_route=\/wp\/v2\/pages"}],"about":[{"href":"http:\/\/www.haryprinz.com\/index.php?rest_route=\/wp\/v2\/types\/page"}],"author":[{"embeddable":true,"href":"http:\/\/www.haryprinz.com\/index.php?rest_route=\/wp\/v2\/users\/1"}],"replies":[{"embeddable":true,"href":"http:\/\/www.haryprinz.com\/index.php?rest_route=%2Fwp%2Fv2%2Fcomments&post=218"}],"version-history":[{"count":6,"href":"http:\/\/www.haryprinz.com\/index.php?rest_route=\/wp\/v2\/pages\/218\/revisions"}],"predecessor-version":[{"id":443,"href":"http:\/\/www.haryprinz.com\/index.php?rest_route=\/wp\/v2\/pages\/218\/revisions\/443"}],"wp:attachment":[{"href":"http:\/\/www.haryprinz.com\/index.php?rest_route=%2Fwp%2Fv2%2Fmedia&parent=218"}],"curies":[{"name":"wp","href":"https:\/\/api.w.org\/{rel}","templated":true}]}}